{"id":1808,"date":"2017-07-24T12:27:50","date_gmt":"2017-07-24T10:27:50","guid":{"rendered":"http:\/\/deficiency.fr\/?page_id=1808"},"modified":"2017-11-18T00:55:42","modified_gmt":"2017-11-17T23:55:42","slug":"prevente","status":"publish","type":"page","link":"https:\/\/deficiency.fr\/index.php\/prevente\/","title":{"rendered":"Pr\u00e9vente Concert Hexagon Thrash Alliance (18.11.17) FREYMING"},"content":{"rendered":"<p><img class=\"aligncenter size-full wp-image-1772\" src=\"https:\/\/deficiency.fr\/wp-content\/uploads\/2017\/07\/bannhta.png\" alt=\"\" width=\"100%\" \/><\/p>\n<p style=\"text-align: center;\"><a href=\"https:\/\/www.facebook.com\/events\/821477081362502\" target=\"_blank\" rel=\"noopener noreferrer\">Event Facebook<\/a><br \/>\nPr\u00e9vente : 8e \/unit\u00e9<br \/>\n(10e en caisse du soir)<\/p>\n<p style=\"text-align: center;\"><strong>NB : La personne proc\u00e9dant \u00e0 la r\u00e9servation devra se pr\u00e9senter munie d&#8217;une pi\u00e8ce d&#8217;identit\u00e9 le soir du concert.<\/strong><\/p>\n<p style=\"text-align: center;\">____________________<\/p>\n<p style=\"text-align: center;\">Les pr\u00e9ventes pour ce concert sont termin\u00e9es. Merci de prendre votre billet en caisse du soir.<br \/>\n<img loading=\"lazy\" src=\"https:\/\/www.paypalobjects.com\/fr_FR\/i\/scr\/pixel.gif\" alt=\"\" width=\"1\" height=\"1\" border=\"0\" \/><\/p>\n<p>&nbsp;<\/p>\n<p><span style=\"border-radius: 2px; text-indent: 20px; width: auto; padding: 0px 4px 0px 0px; text-align: center; font: bold 11px\/20px 'Helvetica Neue',Helvetica,sans-serif; color: #ffffff; background: #bd081c no-repeat scroll 3px 50% \/ 14px 14px; position: absolute; opacity: 1; z-index: 8675309; display: none; cursor: pointer;\">Enregistrer<\/span><\/p>\n<p><img loading=\"lazy\" class=\"aligncenter\" src=\"https:\/\/deficiency.fr\/wp-content\/uploads\/2017\/07\/HTA_TDM_18.11.17.png\" alt=\"\" width=\"480\" height=\"480\" \/><\/p>\n<p><span style=\"border-radius: 2px; text-indent: 20px; width: auto; padding: 0px 4px 0px 0px; text-align: center; font: bold 11px\/20px 'Helvetica Neue',Helvetica,sans-serif; color: #ffffff; background: #bd081c no-repeat scroll 3px 50% \/ 14px 14px; position: absolute; opacity: 1; z-index: 8675309; display: none; cursor: pointer;\">Enregistrer<\/span><\/p>\n<p><span style=\"border-radius: 2px; text-indent: 20px; width: auto; padding: 0px 4px 0px 0px; text-align: center; font: bold 11px\/20px 'Helvetica Neue',Helvetica,sans-serif; color: #ffffff; background: #bd081c no-repeat scroll 3px 50% \/ 14px 14px; position: absolute; opacity: 1; z-index: 8675309; display: none; cursor: pointer;\">Enregistrer<\/span><\/p>\n<p><span style=\"border-radius: 2px; text-indent: 20px; width: auto; padding: 0px 4px 0px 0px; text-align: center; font: bold 11px\/20px 'Helvetica Neue',Helvetica,sans-serif; color: #ffffff; background: #bd081c no-repeat scroll 3px 50% \/ 14px 14px; position: absolute; opacity: 1; z-index: 8675309; display: none; cursor: pointer; top: 388px; left: 180px;\">Enregistrer<\/span><\/p>\n<p><span style=\"border-radius: 2px; text-indent: 20px; width: auto; padding: 0px 4px 0px 0px; text-align: center; font: bold 11px\/20px 'Helvetica Neue',Helvetica,sans-serif; color: #ffffff; background: #bd081c no-repeat scroll 3px 50% \/ 14px 14px; position: absolute; opacity: 1; z-index: 8675309; display: none; cursor: pointer;\">Enregistrer<\/span><\/p>\n<p><span style=\"border-radius: 2px; text-indent: 20px; width: auto; padding: 0px 4px 0px 0px; text-align: center; font: bold 11px\/20px 'Helvetica Neue',Helvetica,sans-serif; color: #ffffff; background: #bd081c no-repeat scroll 3px 50% \/ 14px 14px; position: absolute; opacity: 1; z-index: 8675309; display: none; cursor: pointer; top: 473px; left: 180px;\">Enregistrer<\/span><\/p>\n<p><span style=\"border-radius: 2px; text-indent: 20px; width: auto; padding: 0px 4px 0px 0px; text-align: center; font: bold 11px\/20px 'Helvetica Neue',Helvetica,sans-serif; color: #ffffff; background: #bd081c no-repeat scroll 3px 50% \/ 14px 14px; position: absolute; opacity: 1; z-index: 8675309; display: none; cursor: pointer;\">Enregistrer<\/span><\/p>\n<p><span style=\"border-radius: 2px; text-indent: 20px; width: auto; padding: 0px 4px 0px 0px; text-align: center; font: bold 11px\/20px 'Helvetica Neue',Helvetica,sans-serif; color: #ffffff; background: #bd081c no-repeat scroll 3px 50% \/ 14px 14px; position: absolute; opacity: 1; z-index: 8675309; display: none; cursor: pointer;\">Enregistrer<\/span><\/p>\n","protected":false},"excerpt":{"rendered":"<p>Event Facebook Pr\u00e9vente : 8e \/unit\u00e9 (10e en caisse du soir) NB : La personne proc\u00e9dant \u00e0 la r\u00e9servation devra se pr\u00e9senter munie d&#8217;une pi\u00e8ce d&#8217;identit\u00e9 le soir du concert. &#8230;<\/p>\n","protected":false},"author":1,"featured_media":0,"parent":0,"menu_order":0,"comment_status":"closed","ping_status":"closed","template":"","meta":[],"_links":{"self":[{"href":"https:\/\/deficiency.fr\/index.php\/wp-json\/wp\/v2\/pages\/1808"}],"collection":[{"href":"https:\/\/deficiency.fr\/index.php\/wp-json\/wp\/v2\/pages"}],"about":[{"href":"https:\/\/deficiency.fr\/index.php\/wp-json\/wp\/v2\/types\/page"}],"author":[{"embeddable":true,"href":"https:\/\/deficiency.fr\/index.php\/wp-json\/wp\/v2\/users\/1"}],"replies":[{"embeddable":true,"href":"https:\/\/deficiency.fr\/index.php\/wp-json\/wp\/v2\/comments?post=1808"}],"version-history":[{"count":18,"href":"https:\/\/deficiency.fr\/index.php\/wp-json\/wp\/v2\/pages\/1808\/revisions"}],"predecessor-version":[{"id":1862,"href":"https:\/\/deficiency.fr\/index.php\/wp-json\/wp\/v2\/pages\/1808\/revisions\/1862"}],"wp:attachment":[{"href":"https:\/\/deficiency.fr\/index.php\/wp-json\/wp\/v2\/media?parent=1808"}],"curies":[{"name":"wp","href":"https:\/\/api.w.org\/{rel}","templated":true}]}}